{"id":42,"date":"2021-02-09T18:41:58","date_gmt":"2021-02-09T17:41:58","guid":{"rendered":"https:\/\/osteonimaux.ch\/?page_id=42"},"modified":"2021-03-06T13:05:47","modified_gmt":"2021-03-06T12:05:47","slug":"quest-ce-que-losteopathie","status":"publish","type":"page","link":"https:\/\/osteonimaux.ch\/?page_id=42","title":{"rendered":"L&#8217;ost\u00e9opathie ?"},"content":{"rendered":"\n<div class=\"section-heading c9-heading text-left\"><h1 class=\"c9-h\" style=\"color:#396580\">L&#8217;ost\u00e9opathie ? <\/h1><\/div>\n\n\n\n<div style=\"color:#396580\" class=\"wp-block-genesis-blocks-gb-spacer gb-block-spacer gb-divider-solid gb-spacer-divider gb-divider-size-1\"><hr style=\"height:30px\"\/><\/div>\n\n\n\n<div class=\"section-heading c9-heading text-left\"><h4 class=\"c9-h\" style=\"color:#396580\">Qu&#8217;est-ce que l&#8217;ost\u00e9opathie ?<\/h4><\/div>\n\n\n\n<p class=\"has-text-color has-medium-font-size\" style=\"color:#396580\">L\u2019ost\u00e9opathie est une discipline th\u00e9rapeutique qui comprend des techniques de manipulations manuelles non invasives et douces, qui permettent d\u2019aider le corps \u00e0 retrouver son harmonie naturelle et sa capacit\u00e9 d\u2019auto-gu\u00e9rison.<br>Son usage peut \u00eatre curatif, afin de soulager une pathologie r\u00e9cente, ancienne ou chronique, comme elle peut \u00eatre utilis\u00e9e en pr\u00e9vention.<\/p>\n\n\n\n<div style=\"color:#396580\" class=\"wp-block-genesis-blocks-gb-spacer gb-block-spacer gb-divider-solid gb-spacer-divider gb-divider-size-1\"><hr style=\"height:30px\"\/><\/div>\n\n\n\n<div class=\"section-heading c9-heading text-left\"><h4 class=\"c9-h\" style=\"color:#396580\">Pourquoi et quand consulter ?<\/h4><\/div>\n\n\n\n<p class=\"has-text-color has-medium-font-size\" style=\"color:#396580\">Avec ou sans suivi v\u00e9t\u00e9rinaire, il est possible de faire suivre votre animal par un ost\u00e9opathe, bien qu\u2019aucune consultation ost\u00e9opathique ne peut se substituer \u00e0 une consultation v\u00e9t\u00e9rinaire. Il est d\u2019ailleurs vivement recommand\u00e9 de faire suivre votre animal par un v\u00e9t\u00e9rinaire, l\u2019ost\u00e9opathe animalier travaillant r\u00e9guli\u00e8rement en collaboration avec ce dernier afin de convenir du traitement adapt\u00e9 \u00e0 chacun, dans la limite du champ de comp\u00e9tence de chaque discipline.<\/p>\n\n\n\n<div class=\"wp-block-columns\">\n<div class=\"wp-block-column\">\n<p class=\"has-text-color has-medium-font-size\" style=\"color:#396580\">Plusieurs causes peuvent n\u00e9cessiter l\u2019intervention de l\u2019ost\u00e9opathe :<\/p>\n\n\n\n<ul class=\"has-text-color\" style=\"color:#396580;font-size:14px\"><li>Un traumatisme, une blessure, un choc, un accident domestique, une chute, etc.<\/li><li>En suivi d\u2019un traitement v\u00e9t\u00e9rinaire ou en intervention pr\u00e9 ou post-op\u00e9ratoire, pour la r\u00e9\u00e9ducation.<\/li><li>Avant, pendant et apr\u00e8s une gestation.<\/li><li>Pour traiter une pathologie r\u00e9cente, ancienne ou chronique.<\/li><li>En pr\u00e9vention, afin d \u2018\u00e9viter l\u2019apparition de pathologies diverses.<\/li><\/ul>\n<\/div>\n\n\n\n<div class=\"wp-block-column\">\n<p class=\"has-text-color has-medium-font-size\" style=\"color:#396580\">Sympt\u00f4mes pouvant n\u00e9cessiter l\u2019intervention de l\u2019ost\u00e9opathe :<\/p>\n\n\n\n<ul class=\"has-text-color\" style=\"color:#396580;font-size:14px\"><li>Boiteries, troubles de la locomotion&nbsp;: arthrose, dysplasie<\/li><li>Troubles digestifs&nbsp;: vomissement, diarrh\u00e9e<\/li><li>Troubles de l\u2019appareil urinaire&nbsp;: incontinence, cystite, insuffisance r\u00e9nale<\/li><li>Probl\u00e8mes de reproduction&nbsp;: st\u00e9rilit\u00e9, gestation difficile<\/li><li>Confort chez l\u2019animal \u00e2g\u00e9<\/li><li>Trouble de la croissance<\/li><li>Malformation cong\u00e9nitale<\/li><li>D\u00e9gradation de l\u2019\u00e9tat g\u00e9n\u00e9ral<\/li><li>Trouble ou modification du comportement<\/li><li>Alt\u00e9ration des performances sportives<\/li><li>Probl\u00e8mes cutan\u00e9s<\/li><li>Troubles neurologiques&nbsp;: perturbation de l\u2019\u00e9quilibre, paralysie, ataxie<\/li><\/ul>\n<\/div>\n<\/div>\n\n\n\n<p class=\"has-text-color has-medium-font-size\" style=\"color:#396580\">Un suivi ost\u00e9opathique peut \u00eatre entrepris \u00e0 n\u2019importe quel moment dans la vie de l\u2019animal : \u00e0 sa naissance, durant sa croissance, \u00e0 l\u2019\u00e2ge adulte, lorsqu\u2019il vieillit.<\/p>\n\n\n\n<div style=\"color:#396580\" class=\"wp-block-genesis-blocks-gb-spacer gb-block-spacer gb-divider-solid gb-spacer-divider gb-divider-size-1\"><hr style=\"height:29px\"\/><\/div>\n\n\n\n<p class=\"has-text-color\" style=\"color:#396580;font-size:25px\"><strong>D\u00e9roulement d\u2019une consultation<\/strong><\/p>\n\n\n\n<div class=\"wp-block-columns\">\n<div class=\"wp-block-column\" style=\"flex-basis:66.66%\">\n<p class=\"has-text-align-left has-text-color has-medium-font-size\" style=\"color:#396580\"><strong>L\u2019anamn\u00e8se&nbsp;: il s\u2019agit d\u2019un entretien avec le propri\u00e9taire durant lequel le praticien va recueillir diff\u00e9rentes informations sur l\u2019animal.<\/strong><\/p>\n\n\n\n<ul class=\"has-text-color\" style=\"color:#396580;font-size:14px\"><li>les ant\u00e9c\u00e9dents m\u00e9dicaux<\/li><li>le motif de la consultation<\/li><li>ses particularit\u00e9s (type d\u2019alimentation, routine quotidienne)<\/li><li>effectuer le premier contact avec l\u2019animal<\/li><\/ul>\n\n\n\n<p class=\"has-text-color has-medium-font-size\" style=\"color:#396580\"><strong>L\u2019auscultation&nbsp;: il s\u2019agit de l\u2019examen globale de l\u2019animal.<\/strong><\/p>\n\n\n\n<ul class=\"has-text-color\" style=\"color:#396580;font-size:14px\"><li>observation en statique de sa posture<\/li><li>auscultation manuelle par un palpatoire<\/li><li>observation en dynamique de sa locomotion<\/li><li>examen manuelle de la mobilit\u00e9 des structures du corps, testing<\/li><\/ul>\n<\/div>\n\n\n\n<div class=\"wp-block-column\" style=\"flex-basis:33.33%\">\n<div class=\"wp-block-image is-style-default\"><figure class=\"alignright size-large is-resized\"><img loading=\"lazy\" src=\"https:\/\/osteonimaux.ch\/wp-content\/uploads\/2021\/02\/poncho_arbre-622x1024.jpg\" alt=\"\" class=\"wp-image-341\" width=\"370\" height=\"610\" srcset=\"https:\/\/osteonimaux.ch\/wp-content\/uploads\/2021\/02\/poncho_arbre-622x1024.jpg 622w, https:\/\/osteonimaux.ch\/wp-content\/uploads\/2021\/02\/poncho_arbre-182x300.jpg 182w, https:\/\/osteonimaux.ch\/wp-content\/uploads\/2021\/02\/poncho_arbre-768x1264.jpg 768w, https:\/\/osteonimaux.ch\/wp-content\/uploads\/2021\/02\/poncho_arbre-933x1536.jpg 933w, https:\/\/osteonimaux.ch\/wp-content\/uploads\/2021\/02\/poncho_arbre-1244x2048.jpg 1244w, https:\/\/osteonimaux.ch\/wp-content\/uploads\/2021\/02\/poncho_arbre-scaled.jpg 1555w\" sizes=\"(max-width: 370px) 100vw, 370px\" \/><\/figure><\/div>\n<\/div>\n<\/div>\n\n\n\n<p class=\"has-text-color has-medium-font-size\" style=\"color:#396580\"><strong>L\u2019analyse et le traitement&nbsp;: <\/strong><br><br>Suite \u00e0 ses observations, le praticien \u00e9mettra un diagnostic et choisira le traitement le plus adapt\u00e9 \u00e0 chaque cas.<\/p>\n\n\n\n<p class=\"has-text-color has-medium-font-size\" style=\"color:#396580\"><br><strong>R\u00e9\u00e9ducation et conseils&nbsp;:<\/strong> <br><br>Apr\u00e8s son traitement, votre compagnon devra respecter une phase de repos adapt\u00e9e. <br>Certains exercices pourront \u00eatre prescrits en r\u00e9\u00e9ducation, et des conseils seront prodigu\u00e9s afin que vous puissiez aider votre animal \u00e0 r\u00e9cup\u00e9rer au mieux.<br><br>Plusieurs s\u00e9ances sont g\u00e9n\u00e9ralement n\u00e9cessaires, afin de traiter l\u2019animal de fa\u00e7on optimale. En effet, solliciter d\u2019une fa\u00e7on trop intense le corps de votre compagnon pourrait devenir nocif et contre-productif.<br>Certaines contre-indications pourront reporter la consultation.<br><br>La dur\u00e9e d\u2019une s\u00e9ance varie de 30 minutes \u00e0 1 heure, voir 1 heure et demie s\u2019il s\u2019agit d\u2019une premi\u00e8re consultation. Chaque individu est diff\u00e9rent et chaque consultation s\u2019adapte en fonction de la sensibilit\u00e9 et des particularit\u00e9s de chacun.<\/p>\n\n\n\n<div style=\"color:#396580\" class=\"wp-block-genesis-blocks-gb-spacer gb-block-spacer gb-divider-solid gb-spacer-divider gb-divider-size-1\"><hr style=\"height:30px\"\/><\/div>\n\n\n\n<p class=\"has-text-color\" style=\"color:#396580;font-size:25px\"><strong>Mon engagement et vos responsabilit\u00e9s<\/strong><\/p>\n\n\n\n<p class=\"has-text-color has-medium-font-size\" style=\"color:#396580\">Je m\u2019engage \u00e0 traiter avec respect et sensibilit\u00e9 chaque animal qui me sera confi\u00e9, et \u00e0 lui assurer ma pleine \u00e9coute et compr\u00e9hension.<\/p>\n\n\n\n<p class=\"has-text-color has-medium-font-size\" style=\"color:#396580\">Il sera demand\u00e9 au propri\u00e9taire d\u2019\u00eatre pr\u00e9sent lors de la s\u00e9ance et d\u2019assurer un environnement calme, favorable au bon d\u00e9roulement de la consultation.<\/p>\n\n\n\n<p class=\"has-text-color has-medium-font-size\" style=\"color:#396580\">Afin de garantir un r\u00e9tablissement complet, certains soins peuvent \u00eatre prescrits en compl\u00e9ment de la consultation, \u00e0 r\u00e9aliser par le propri\u00e9taire en personne ou par un professionnel de la sant\u00e9 animale.<\/p>\n\n\n\n<div class=\"wp-block-image is-style-default\"><figure class=\"aligncenter size-large is-resized\"><img loading=\"lazy\" src=\"https:\/\/osteonimaux.ch\/wp-content\/uploads\/2021\/03\/DSC_0300-1024x681.jpg\" alt=\"\" class=\"wp-image-367\" width=\"768\" height=\"511\" srcset=\"https:\/\/osteonimaux.ch\/wp-content\/uploads\/2021\/03\/DSC_0300-1024x681.jpg 1024w, https:\/\/osteonimaux.ch\/wp-content\/uploads\/2021\/03\/DSC_0300-300x199.jpg 300w, https:\/\/osteonimaux.ch\/wp-content\/uploads\/2021\/03\/DSC_0300-768x511.jpg 768w, https:\/\/osteonimaux.ch\/wp-content\/uploads\/2021\/03\/DSC_0300-1536x1021.jpg 1536w, https:\/\/osteonimaux.ch\/wp-content\/uploads\/2021\/03\/DSC_0300-2048x1362.jpg 2048w, https:\/\/osteonimaux.ch\/wp-content\/uploads\/2021\/03\/DSC_0300-600x400.jpg 600w\" sizes=\"(max-width: 768px) 100vw, 768px\" \/><\/figure><\/div>\n\n\n\n<div style=\"color:#396580\" class=\"wp-block-genesis-blocks-gb-spacer gb-block-spacer gb-divider-solid gb-spacer-divider gb-divider-size-1\"><hr style=\"height:31px\"\/><\/div>\n\n\n\n<p><\/p>\n","protected":false},"excerpt":{"rendered":"<p>L\u2019ost\u00e9opathie est une discipline th\u00e9rapeutique qui comprend des techniques de manipulations manuelles non invasives et douces, qui permettent d\u2019aider le corps \u00e0 retrouver son harmonie naturelle et sa capacit\u00e9 d\u2019auto-gu\u00e9rison.Son usage peut \u00eatre curatif, afin de soulager une pathologie r\u00e9cente, ancienne ou chronique, comme elle peut \u00eatre utilis\u00e9e en pr\u00e9vention. Avec ou sans suivi v\u00e9t\u00e9rinaire, [&hellip;]<\/p>\n","protected":false},"author":1,"featured_media":0,"parent":32,"menu_order":0,"comment_status":"closed","ping_status":"closed","template":"","meta":[],"featured_image_src":null,"featured_image_src_square":null,"yoast_head":"<!-- This site is optimized with the Yoast SEO plugin v15.7 - https:\/\/yoast.com\/wordpress\/plugins\/seo\/ -->\n<title>L&#039;ost\u00e9opathie ? - Osteonimaux<\/title>\n<meta name=\"robots\" content=\"index, follow, max-snippet:-1, max-image-preview:large, max-video-preview:-1\" \/>\n<link rel=\"canonical\" href=\"https:\/\/osteonimaux.ch\/?page_id=42\" \/>\n<meta property=\"og:locale\" content=\"fr_FR\" \/>\n<meta property=\"og:type\" content=\"article\" \/>\n<meta property=\"og:title\" content=\"L&#039;ost\u00e9opathie ? - Osteonimaux\" \/>\n<meta property=\"og:description\" content=\"L\u2019ost\u00e9opathie est une discipline th\u00e9rapeutique qui comprend des techniques de manipulations manuelles non invasives et douces, qui permettent d\u2019aider le corps \u00e0 retrouver son harmonie naturelle et sa capacit\u00e9 d\u2019auto-gu\u00e9rison.Son usage peut \u00eatre curatif, afin de soulager une pathologie r\u00e9cente, ancienne ou chronique, comme elle peut \u00eatre utilis\u00e9e en pr\u00e9vention. Avec ou sans suivi v\u00e9t\u00e9rinaire, [&hellip;]\" \/>\n<meta property=\"og:url\" content=\"https:\/\/osteonimaux.ch\/?page_id=42\" \/>\n<meta property=\"og:site_name\" content=\"Osteonimaux\" \/>\n<meta property=\"article:modified_time\" content=\"2021-03-06T12:05:47+00:00\" \/>\n<meta property=\"og:image\" content=\"https:\/\/osteonimaux.ch\/wp-content\/uploads\/2021\/02\/poncho_arbre-622x1024.jpg\" \/>\n<meta name=\"twitter:card\" content=\"summary_large_image\" \/>\n<meta name=\"twitter:label1\" content=\"Dur\u00e9e de lecture est.\">\n\t<meta name=\"twitter:data1\" content=\"3 minutes\">\n<script type=\"application\/ld+json\" class=\"yoast-schema-graph\">{\"@context\":\"https:\/\/schema.org\",\"@graph\":[{\"@type\":\"WebSite\",\"@id\":\"https:\/\/osteonimaux.ch\/#website\",\"url\":\"https:\/\/osteonimaux.ch\/\",\"name\":\"Osteonimaux\",\"description\":\"Ost\\u00e9opathe animalier - R\\u00e9gion de Lausanne\",\"potentialAction\":[{\"@type\":\"SearchAction\",\"target\":\"https:\/\/osteonimaux.ch\/?s={search_term_string}\",\"query-input\":\"required name=search_term_string\"}],\"inLanguage\":\"fr-FR\"},{\"@type\":\"ImageObject\",\"@id\":\"https:\/\/osteonimaux.ch\/?page_id=42#primaryimage\",\"inLanguage\":\"fr-FR\",\"url\":\"https:\/\/osteonimaux.ch\/wp-content\/uploads\/2021\/02\/poncho_arbre-scaled.jpg\",\"width\":1555,\"height\":2560},{\"@type\":\"WebPage\",\"@id\":\"https:\/\/osteonimaux.ch\/?page_id=42#webpage\",\"url\":\"https:\/\/osteonimaux.ch\/?page_id=42\",\"name\":\"L'ost\\u00e9opathie ? - Osteonimaux\",\"isPartOf\":{\"@id\":\"https:\/\/osteonimaux.ch\/#website\"},\"primaryImageOfPage\":{\"@id\":\"https:\/\/osteonimaux.ch\/?page_id=42#primaryimage\"},\"datePublished\":\"2021-02-09T17:41:58+00:00\",\"dateModified\":\"2021-03-06T12:05:47+00:00\",\"inLanguage\":\"fr-FR\",\"potentialAction\":[{\"@type\":\"ReadAction\",\"target\":[\"https:\/\/osteonimaux.ch\/?page_id=42\"]}]}]}<\/script>\n<!-- \/ Yoast SEO plugin. -->","_links":{"self":[{"href":"https:\/\/osteonimaux.ch\/index.php?rest_route=\/wp\/v2\/pages\/42"}],"collection":[{"href":"https:\/\/osteonimaux.ch\/index.php?rest_route=\/wp\/v2\/pages"}],"about":[{"href":"https:\/\/osteonimaux.ch\/index.php?rest_route=\/wp\/v2\/types\/page"}],"author":[{"embeddable":true,"href":"https:\/\/osteonimaux.ch\/index.php?rest_route=\/wp\/v2\/users\/1"}],"replies":[{"embeddable":true,"href":"https:\/\/osteonimaux.ch\/index.php?rest_route=%2Fwp%2Fv2%2Fcomments&post=42"}],"version-history":[{"count":39,"href":"https:\/\/osteonimaux.ch\/index.php?rest_route=\/wp\/v2\/pages\/42\/revisions"}],"predecessor-version":[{"id":368,"href":"https:\/\/osteonimaux.ch\/index.php?rest_route=\/wp\/v2\/pages\/42\/revisions\/368"}],"up":[{"embeddable":true,"href":"https:\/\/osteonimaux.ch\/index.php?rest_route=\/wp\/v2\/pages\/32"}],"wp:attachment":[{"href":"https:\/\/osteonimaux.ch\/index.php?rest_route=%2Fwp%2Fv2%2Fmedia&parent=42"}],"curies":[{"name":"wp","href":"https:\/\/api.w.org\/{rel}","templated":true}]}}